{"id":963,"date":"2022-09-20T06:22:30","date_gmt":"2022-09-20T06:22:30","guid":{"rendered":"https:\/\/hotelbotrytis.com\/?page_id=963"},"modified":"2022-09-20T06:22:32","modified_gmt":"2022-09-20T06:22:32","slug":"cookie-szabalyzat","status":"publish","type":"page","link":"https:\/\/hotelbotrytis.com\/en\/cookie-szabalyzat\/","title":{"rendered":"Cookie policy"},"content":{"rendered":"<p><strong>Cookie kezel\u00e9s a hotelbotrytis.com&nbsp;weboldalon<\/strong><\/p>\n\n\n\n<p><strong>1. Cookie-k haszn\u00e1lat\u00e1nak szab\u00e1lyzata<\/strong><br>Ez a szab\u00e1lyzat a Botrytis Borhotel Kft. \u00a0(sz\u00e9khelye: 3909 M\u00e1d, Batthy\u00e1ny utca 10. c\u00e9gjegyz\u00e9ksz\u00e1m:\u00a005-09-020848, ad\u00f3sz\u00e1m: 23060933-2-05) \u00e1ltal \u00fczemeltetett weboldalak cookie-jaira vonatkozik.<\/p>\n\n\n\n<p><br><strong>2. Mik a cookie-k?<\/strong><br>A cookie-k kism\u00e9ret\u0171 f\u00e1jlok, amelyeket az aktu\u00e1lisan megtekintett weboldal vagy \u00e9ppen haszn\u00e1lt alkalmaz\u00e1s a b\u00f6ng\u00e9sz\u0151re vagy a k\u00e9sz\u00fcl\u00e9kre telep\u00edt. Az ennek eredm\u00e9nyek\u00e9nt l\u00e9trej\u00f6tt kapcsolat olyan inform\u00e1ci\u00f3kat tartalmazhat, mint p\u00e9ld\u00e1ul a k\u00e9sz\u00fcl\u00e9k IP-c\u00edme,vagy a haszn\u00e1lt b\u00f6ng\u00e9sz\u0151 t\u00edpusa. A s\u00fctik \u201epassz\u00edvak\u201d, azaz nem tartalmaznak futtathat\u00f3 \u00e1llom\u00e1nyokat, v\u00edrusokat, illetve k\u00e9mprogramokat \u00e9s nem f\u00e9rnek hozz\u00e1 a felhaszn\u00e1l\u00f3 merevlemez\u00e9nek adataihoz.<\/p>\n\n\n\n<p><br><strong>3. Mire haszn\u00e1lhat\u00f3ak a cookie-k?<\/strong><br>Ezek a f\u00e1jlok lehet\u0151v\u00e9 teszik a felhaszn\u00e1l\u00f3 b\u00f6ng\u00e9sz\u00e9sre haszn\u00e1lt eszk\u00f6z\u00e9nek felismer\u00e9s\u00e9t, \u00e9s ez\u00e1ltal relev\u00e1ns, a felhaszn\u00e1l\u00f3 ig\u00e9nyeihez igaz\u00edtott tartalom vagy rekl\u00e1m megjelen\u00edt\u00e9s\u00e9t, tov\u00e1bb\u00e1 term\u00e9keink \u00e9s szolg\u00e1ltat\u00e1saink tov\u00e1bbfejleszt\u00e9s\u00e9t \u00e9s szolg\u00e1ltat\u00e1saink biztons\u00e1g\u00e1nak meg\u0151rz\u00e9s\u00e9t. A kapott statisztikai eredm\u00e9nyeket felhaszn\u00e1lva az oldal szerkezete \u00e9s tartalma \u00fagy alak\u00edthat\u00f3, hogy az legink\u00e1bb kiel\u00e9g\u00edtse felhaszn\u00e1l\u00f3ink ig\u00e9nyeit \u00fagy, hogy azok anonimit\u00e1sa megmarad.<\/p>\n\n\n\n<p><br><strong>4. Milyen cookie-kat haszn\u00e1lunk?<\/strong><br>A Botrytis Borhotel Kft. k\u00e9tf\u00e9le s\u00fctit haszn\u00e1l: id\u0151szakosat \u00e9s \u00e1lland\u00f3t. El\u0151bbiek olyan ideiglenes f\u00e1jlok, melyek a bejelentkezett id\u0151szak v\u00e9g\u00e9ig vagy a b\u00f6ng\u00e9sz\u0151 bez\u00e1r\u00e1s\u00e1ig maradnak a felhaszn\u00e1l\u00f3 eszk\u00f6z\u00e9n. Az \u00e1lland\u00f3 cookie-k pedig a param\u00e9ter\u00fckben meghat\u00e1rozott ideig (vagy manu\u00e1lis t\u00f6r\u00e9s\u00fckig) vannak jelen a felhaszn\u00e1l\u00f3 eszk\u00f6z\u00e9n.<\/p>\n\n\n\n<p><br><strong>5. Mire haszn\u00e1lj\u00e1k a cookie-kat a weboldalalak?<\/strong><br>Egy l\u00e1togat\u00e1s sor\u00e1n a weboldal a k\u00f6vetkez\u0151 c\u00e9lb\u00f3l helyezhet el cookie-kat a felhaszn\u00e1l\u00f3 Internetez\u00e9sre haszn\u00e1lt eszk\u00f6z\u00e9n:<\/p>\n\n\n\n<ul class=\"wp-block-list\"><li>Weboldal teljes\u00edtm\u00e9nym\u00e9r\u00e9s<\/li><li>Weboldal hiteles\u00edt\u00e9s<\/li><li>Elemz\u00e9s \u00e9s kutat\u00e1s<\/li><\/ul>\n\n\n\n<p><strong>6. Tartalmaznak a cookie-k szem\u00e9lyes adatokat?<\/strong><br>A legt\u00f6bb s\u00fcti hat\u00e9kony m\u0171k\u00f6d\u00e9s\u00e9hez semmilyen szem\u00e9lyes jelleg\u0171 adat nem sz\u00fcks\u00e9ges, \u00edgy az esetek d\u00f6nt\u0151 t\u00f6bbs\u00e9g\u00e9ben a cookie nem azonos\u00edtja az adott felhaszn\u00e1l\u00f3t. A cookie-k haszn\u00e1lata sor\u00e1n \u00f6sszegy\u0171jt\u00f6tt adatokat az adatv\u00e9delmi ir\u00e1nyelvek szerint t\u00e1roljuk, azokhoz jogosulatlan szem\u00e9lyek nem f\u00e9rhetnek hozz\u00e1.<\/p>\n\n\n\n<p><br><strong>7. A cookie-k t\u00f6rl\u00e9se<\/strong><br>A weboldalak el\u00e9r\u00e9s\u00e9hez haszn\u00e1lt b\u00f6ng\u00e9sz\u0151programok alap\u00e9rtelmezett esetben enged\u00e9lyezik a s\u00fctik elhelyez\u00e9s\u00e9t az eszk\u00f6zre. Ezek a be\u00e1ll\u00edt\u00e1sok megv\u00e1ltoztathat\u00f3k. A s\u00fctik kezel\u00e9s\u00e9re vonatkoz\u00f3 inform\u00e1ci\u00f3k a b\u00f6ng\u00e9sz\u0151 be\u00e1ll\u00edt\u00e1sai k\u00f6z\u00f6tt tal\u00e1lhat\u00f3ak. Fontos tudni, hogy a cookie-k haszn\u00e1lat\u00e1nak tilt\u00e1sa\/korl\u00e1toz\u00e1sa negat\u00edvan befoly\u00e1solhatja az oldal bizonyos funkci\u00f3inak m\u0171k\u00f6d\u00e9s\u00e9t.<\/p>\n\n\n\n<p><br><strong>8. Biztons\u00e1ggal \u00e9s adatbiztons\u00e1ggal kapcsolatos t\u00e9nyez\u0151k<\/strong><br>A s\u00fctik azonban haszn\u00e1lhat\u00f3k negat\u00edv c\u00e9lokra is. Mivel a felhaszn\u00e1l\u00f3 ig\u00e9nyeire \u00e9s navig\u00e1l\u00e1si el\u0151zm\u00e9nyeire vonatkoz\u00f3 inform\u00e1ci\u00f3kat t\u00e1rolnak, \u00edgy egy adott weboldalon ak\u00e1r spyware-k\u00e9nt is haszn\u00e1lhat\u00f3k. Ennek megfelel\u0151en sz\u00e1mos anti v\u00edrus program a cookie-kat folyamatosan t\u00f6rl\u00e9sre \u00edt\u00e9li a k\u00fcl\u00f6nf\u00e9le sz\u00e1m\u00edt\u00f3g\u00e9p-\u00e1tvizsg\u00e1l\u00e1si folyamatok (teljes rendszervizsg\u00e1lat, val\u00f3s idej\u0171 v\u00e9delem, stb.) sor\u00e1n. Mivel a cookie-kon kereszt\u00fcl folyamatosan \u00e1ramlik az inform\u00e1ci\u00f3 a weboldal \u00e9s a b\u00f6ng\u00e9sz\u0151 k\u00f6z\u00f6tt mindk\u00e9t ir\u00e1nyba, \u00edgy ha egy t\u00e1mad\u00f3 beavatkozik az adattov\u00e1bb\u00edt\u00e1sba, \u00fagy a s\u00fcti \u00e1ltal t\u00e1rolt inform\u00e1ci\u00f3k lek\u00f6vethet\u0151k. Amennyiben a b\u00f6ng\u00e9sz\u00e9s k\u00f3dolatlan Internet-el\u00e9r\u00e9si h\u00e1l\u00f3zaton kereszt\u00fcl t\u00f6rt\u00e9nik (pl. megfelel\u0151 titkos\u00edt\u00e1ssal nem rendelkez\u0151 WiFi h\u00e1l\u00f3zat), \u00fagy a t\u00e1mad\u00e1s val\u00f3sz\u00edn\u0171s\u00e9ge jelent\u0151sen megn\u0151.<\/p>","protected":false},"excerpt":{"rendered":"<p>Cookie kezel\u00e9s a hotelbotrytis.com&nbsp;weboldalon 1. Cookie-k haszn\u00e1lat\u00e1nak szab\u00e1lyzataEz a szab\u00e1lyzat a Botrytis Borhotel Kft. \u00a0(sz\u00e9khelye: 3909 M\u00e1d, Batthy\u00e1ny utca 10. c\u00e9gjegyz\u00e9ksz\u00e1m:\u00a005-09-020848, ad\u00f3sz\u00e1m: 23060933-2-05) \u00e1ltal \u00fczemeltetett weboldalak cookie-jaira vonatkozik. 2. Mik a cookie-k?A cookie-k kism\u00e9ret\u0171 f\u00e1jlok, amelyeket az aktu\u00e1lisan megtekintett weboldal vagy \u00e9ppen haszn\u00e1lt alkalmaz\u00e1s a b\u00f6ng\u00e9sz\u0151re vagy a k\u00e9sz\u00fcl\u00e9kre telep\u00edt. Az ennek eredm\u00e9nyek\u00e9nt l\u00e9trej\u00f6tt kapcsolat<\/p>","protected":false},"author":1,"featured_media":0,"parent":0,"menu_order":0,"comment_status":"closed","ping_status":"closed","template":"page-templates\/template-full-width.php","meta":{"_acf_changed":false,"ngg_post_thumbnail":0,"footnotes":""},"class_list":["post-963","page","type-page","status-publish","hentry"],"acf":[],"_links":{"self":[{"href":"https:\/\/hotelbotrytis.com\/en\/wp-json\/wp\/v2\/pages\/963","targetHints":{"allow":["GET"]}}],"collection":[{"href":"https:\/\/hotelbotrytis.com\/en\/wp-json\/wp\/v2\/pages"}],"about":[{"href":"https:\/\/hotelbotrytis.com\/en\/wp-json\/wp\/v2\/types\/page"}],"author":[{"embeddable":true,"href":"https:\/\/hotelbotrytis.com\/en\/wp-json\/wp\/v2\/users\/1"}],"replies":[{"embeddable":true,"href":"https:\/\/hotelbotrytis.com\/en\/wp-json\/wp\/v2\/comments?post=963"}],"version-history":[{"count":1,"href":"https:\/\/hotelbotrytis.com\/en\/wp-json\/wp\/v2\/pages\/963\/revisions"}],"predecessor-version":[{"id":964,"href":"https:\/\/hotelbotrytis.com\/en\/wp-json\/wp\/v2\/pages\/963\/revisions\/964"}],"wp:attachment":[{"href":"https:\/\/hotelbotrytis.com\/en\/wp-json\/wp\/v2\/media?parent=963"}],"curies":[{"name":"wp","href":"https:\/\/api.w.org\/{rel}","templated":true}]}}