{"id":91,"date":"2015-01-12T12:48:46","date_gmt":"2015-01-12T12:48:46","guid":{"rendered":"http:\/\/hotel-botrytis.com\/site\/?page_id=91"},"modified":"2026-02-18T14:04:16","modified_gmt":"2026-02-18T14:04:16","slug":"szobak","status":"publish","type":"page","link":"https:\/\/hotelbotrytis.com\/en\/szobak\/","title":{"rendered":"Rooms"},"content":{"rendered":"<p>The Botrytis Hotel is a top-class, premium quality accommodation with high-standard, affordable services.<\/p>\r\n\r\n\r\n\r\n<p>The Botrytis Borhotel, with a capacity for 38 guests, offers a total of 12 double rooms (4 Standard, 8 Deluxe), 2 family apartments, 2 junior suites, and 2 single rooms including the Sis\u00e1ry room, which is accessible. It awaits guests seeking relaxation and culinary experiences in the central location of M\u00e1d, amidst historic vineyards.<\/p>\r\n\r\n\r\n\r\n\t\t\t\t\t\t<style>\r\n\t\t\t\t<style>\r\n#wpsm_accordion_701 .wpsm_panel-heading{\r\n\tpadding:0px !important;\r\n}\r\n#wpsm_accordion_701 .wpsm_panel-title {\r\n\tmargin:0px !important; \r\n\ttext-transform:none !important;\r\n\tline-height: 1 !important;\r\n}\r\n#wpsm_accordion_701 .wpsm_panel-title a{\r\n\ttext-decoration:none;\r\n\toverflow:hidden;\r\n\tdisplay:block;\r\n\tpadding:0px;\r\n\tfont-size: 20px !important;\r\n\tfont-family: Open Sans !important;\r\n\tcolor:#000000 !important;\r\n\tborder-bottom:0px !important;\r\n}\r\n\r\n#wpsm_accordion_701 .wpsm_panel-title a:focus {\r\noutline: 0px !important;\r\n}\r\n\r\n#wpsm_accordion_701 .wpsm_panel-title a:hover, #wpsm_accordion_701 .wpsm_panel-title a:focus {\r\n\tcolor:#000000 !important;\r\n}\r\n#wpsm_accordion_701 .acc-a{\r\n\tcolor: #000000 !important;\r\n\tbackground-color:#e8e8e8 !important;\r\n\tborder-color: #ddd;\r\n}\r\n#wpsm_accordion_701 .wpsm_panel-default > .wpsm_panel-heading{\r\n\tcolor: #000000 !important;\r\n\tbackground-color: #e8e8e8 !important;\r\n\tborder-color: #e8e8e8 !important;\r\n\tborder-top-left-radius: 0px;\r\n\tborder-top-right-radius: 0px;\r\n}\r\n#wpsm_accordion_701 .wpsm_panel-default {\r\n\t\tborder:1px solid transparent !important;\r\n\t}\r\n#wpsm_accordion_701 {\r\n\tmargin-bottom: 20px;\r\n\toverflow: hidden;\r\n\tfloat: none;\r\n\twidth: 100%;\r\n\tdisplay: block;\r\n}\r\n#wpsm_accordion_701 .ac_title_class{\r\n\tdisplay: block;\r\n\tpadding-top: 12px;\r\n\tpadding-bottom: 12px;\r\n\tpadding-left: 15px;\r\n\tpadding-right: 15px;\r\n}\r\n#wpsm_accordion_701  .wpsm_panel {\r\n\toverflow:hidden;\r\n\t-webkit-box-shadow: 0 0px 0px rgba(0, 0, 0, .05);\r\n\tbox-shadow: 0 0px 0px rgba(0, 0, 0, .05);\r\n\t\tborder-radius: 4px;\r\n\t}\r\n#wpsm_accordion_701  .wpsm_panel + .wpsm_panel {\r\n\t\tmargin-top: 5px;\r\n\t}\r\n#wpsm_accordion_701  .wpsm_panel-body{\r\n\tbackground-color:#ffffff !important;\r\n\tcolor:#1c1c1c !important;\r\n\tborder-top-color: #e8e8e8 !important;\r\n\tfont-size:16px !important;\r\n\tfont-family: Open Sans !important;\r\n\toverflow: hidden;\r\n\t\tborder: 2px solid #e8e8e8 !important;\r\n\t}\r\n\r\n#wpsm_accordion_701 .ac_open_cl_icon{\r\n\tbackground-color:#e8e8e8 !important;\r\n\tcolor: #000000 !important;\r\n\tfloat:right !important;\r\n\tpadding-top: 12px !important;\r\n\tpadding-bottom: 12px !important;\r\n\tline-height: 1.0 !important;\r\n\tpadding-left: 15px !important;\r\n\tpadding-right: 15px !important;\r\n\tdisplay: inline-block !important;\r\n}\r\n\r\n\t\t\t\r\n\t\t\t<\/style>\t\r\n\t\t\t<\/style>\r\n\t\t\t<div class=\"wpsm_panel-group\" id=\"wpsm_accordion_701\" >\r\n\t\t\t\t\t\t\t\t\r\n\t\t\t\t\t<!-- Inner panel Start -->\r\n\t\t\t\t\t<div class=\"wpsm_panel wpsm_panel-default\">\r\n\t\t\t\t\t\t<div class=\"wpsm_panel-heading\" role=\"tab\" >\r\n\t\t\t\t\t\t  <h4 class=\"wpsm_panel-title\">\r\n\t\t\t\t\t\t\t<a  class=\"\"  data-toggle=\"collapse\" data-parent=\"#wpsm_accordion_701 \" href=\"javascript:void(0)\" data-target=\"#ac_701_collapse1\" onclick=\"do_resize()\">\r\n\t\t\t\t\t\t\t\t\t\t\t\t\t\t\t\t\t<span class=\"ac_open_cl_icon fa fa-plus\"><\/span>\r\n\t\t\t\t\t\t\t\t\t\r\n\t\t\t\t\t\t\t\t \r\n\t\t\t\t\t\t\t\t<span class=\"ac_title_class\">\r\n\t\t\t\t\t\t\t\t\t\t\t\t\t\t\t\t\t\t\t\t<span style=\"margin-right:6px;\" class=\"fa fa-angle-double-down\"><\/span>\r\n\t\t\t\t\t\t\t\t\tSingle Room\t\t\t\t\t\t\t\t<\/span>\r\n\t\t\t\t\t\t\t<\/a>\r\n\t\t\t\t\t\t  <\/h4>\r\n\t\t\t\t\t\t<\/div>\r\n\t\t\t\t\t\t<div id=\"ac_701_collapse1\" class=\"wpsm_panel-collapse collapse\"  >\r\n\t\t\t\t\t\t  <div class=\"wpsm_panel-body\">\r\n\t\t\t\t\t\t\t<strong>Number of Rooms:<\/strong> 2 db - a Sis\u00e1ry szoba akad\u00e1lymentes\u00edtett<br>\r\nExtra bed can be requested for an adult or a child under 14.<br><br>\r\n\r\n<strong>Room Facilities:<\/strong>Individually adjusted air conditioning, WiFi, mini-bar, flat-screen TV, wardrobe, private batroom with shower, hairdryer, towels, bathrobe, room slippers, toiletries in the bathroom.<br><br>\r\n\r\n<strong>Room Size:<\/strong> 16 m\u00b2<br><br>\r\n\r\n<strong>Bed Size:<\/strong> 90x200 cm<br><br>\r\n<img decoding=\"async\" src=\"https:\/\/hotelbotrytis.com\/wp-content\/uploads\/2022\/10\/egyagyas1.jpg\"><br><br>\r\n<img decoding=\"async\" src=\"https:\/\/hotelbotrytis.com\/wp-content\/uploads\/2022\/10\/egyagyas2.jpg\">\t\t\t\t\t\t  <\/div>\r\n\t\t\t\t\t\t<\/div>\r\n\t\t\t\t\t<\/div>\r\n\t\t\t\t\t<!-- Inner panel End -->\r\n\t\t\t\t\t\r\n\t\t\t\t\t\t\t\t\r\n\t\t\t\t\t<!-- Inner panel Start -->\r\n\t\t\t\t\t<div class=\"wpsm_panel wpsm_panel-default\">\r\n\t\t\t\t\t\t<div class=\"wpsm_panel-heading\" role=\"tab\" >\r\n\t\t\t\t\t\t  <h4 class=\"wpsm_panel-title\">\r\n\t\t\t\t\t\t\t<a  class=\"collapsed\"  data-toggle=\"collapse\" data-parent=\"#wpsm_accordion_701 \" href=\"javascript:void(0)\" data-target=\"#ac_701_collapse2\" onclick=\"do_resize()\">\r\n\t\t\t\t\t\t\t\t\t\t\t\t\t\t\t\t\t<span class=\"ac_open_cl_icon fa fa-plus\"><\/span>\r\n\t\t\t\t\t\t\t\t\t\r\n\t\t\t\t\t\t\t\t \r\n\t\t\t\t\t\t\t\t<span class=\"ac_title_class\">\r\n\t\t\t\t\t\t\t\t\t\t\t\t\t\t\t\t\t\t\t\t<span style=\"margin-right:6px;\" class=\"fa fa-angle-double-down\"><\/span>\r\n\t\t\t\t\t\t\t\t\tStandard room with bed for 2 persons\t\t\t\t\t\t\t\t<\/span>\r\n\t\t\t\t\t\t\t<\/a>\r\n\t\t\t\t\t\t  <\/h4>\r\n\t\t\t\t\t\t<\/div>\r\n\t\t\t\t\t\t<div id=\"ac_701_collapse2\" class=\"wpsm_panel-collapse collapse\"  >\r\n\t\t\t\t\t\t  <div class=\"wpsm_panel-body\">\r\n\t\t\t\t\t\t\t<strong>Room Facilities:<\/strong> Individually adjusted air conditioning, WiFi, mini-bar, flat-screen TV, wardrobe, private batroom with shower, hairdryer, towels, bathrobe, room slippers, toiletries in the bathroom.<br><br>\r\n\r\n<strong>Room Size:<\/strong> 25 m\u00b2<br>\r\n<strong>Numbers of beds:<\/strong> 2 units<br>\r\n<strong>Each bed size:<\/strong> 90x200 cm<br><br>\r\n<img decoding=\"async\" src=\"https:\/\/hotelbotrytis.com\/wp-content\/uploads\/2022\/10\/standard3.jpg\"><br><br>\r\n<img decoding=\"async\" src=\"https:\/\/hotelbotrytis.com\/wp-content\/uploads\/2022\/10\/standard1.jpg\">\t\t\t\t\t\t  <\/div>\r\n\t\t\t\t\t\t<\/div>\r\n\t\t\t\t\t<\/div>\r\n\t\t\t\t\t<!-- Inner panel End -->\r\n\t\t\t\t\t\r\n\t\t\t\t\t\t\t\t\r\n\t\t\t\t\t<!-- Inner panel Start -->\r\n\t\t\t\t\t<div class=\"wpsm_panel wpsm_panel-default\">\r\n\t\t\t\t\t\t<div class=\"wpsm_panel-heading\" role=\"tab\" >\r\n\t\t\t\t\t\t  <h4 class=\"wpsm_panel-title\">\r\n\t\t\t\t\t\t\t<a  class=\"collapsed\"  data-toggle=\"collapse\" data-parent=\"#wpsm_accordion_701 \" href=\"javascript:void(0)\" data-target=\"#ac_701_collapse3\" onclick=\"do_resize()\">\r\n\t\t\t\t\t\t\t\t\t\t\t\t\t\t\t\t\t<span class=\"ac_open_cl_icon fa fa-plus\"><\/span>\r\n\t\t\t\t\t\t\t\t\t\r\n\t\t\t\t\t\t\t\t \r\n\t\t\t\t\t\t\t\t<span class=\"ac_title_class\">\r\n\t\t\t\t\t\t\t\t\t\t\t\t\t\t\t\t\t\t\t\t<span style=\"margin-right:6px;\" class=\"fa fa-angle-double-down\"><\/span>\r\n\t\t\t\t\t\t\t\t\tDeluxe room with 1 double bed or 2 single beds\t\t\t\t\t\t\t\t<\/span>\r\n\t\t\t\t\t\t\t<\/a>\r\n\t\t\t\t\t\t  <\/h4>\r\n\t\t\t\t\t\t<\/div>\r\n\t\t\t\t\t\t<div id=\"ac_701_collapse3\" class=\"wpsm_panel-collapse collapse\"  >\r\n\t\t\t\t\t\t  <div class=\"wpsm_panel-body\">\r\n\t\t\t\t\t\t\t<strong>Number of Rooms:<\/strong> 4 units (2 units double bed and 2 units single beds)<br>\r\n<br>\r\n\r\n<strong>Room Facilities:<\/strong> Individually adjusted air conditioning, WiFi, mini-bar, safe deposit box, flat-screen TV, desk with chair, wardrobe, private batroom with shower, hairdryer, towels, bathrobe, room slippers, toiletries in the bathroom.<br><br>\r\n\r\n<strong>Room Size:<\/strong> 28 m\u00b2<br><br>\r\n\r\n<strong>Bed\/beds size:<\/strong>  180x200 cm or 2x 90x200 cm<br><br>\r\n<img decoding=\"async\" src=\"https:\/\/hotelbotrytis.com\/wp-content\/uploads\/2022\/10\/deluxe6.jpg\"><br><br>\r\n<img decoding=\"async\" src=\"https:\/\/hotelbotrytis.com\/wp-content\/uploads\/2022\/10\/deluxe2.jpg\">\t\t\t\t\t\t  <\/div>\r\n\t\t\t\t\t\t<\/div>\r\n\t\t\t\t\t<\/div>\r\n\t\t\t\t\t<!-- Inner panel End -->\r\n\t\t\t\t\t\r\n\t\t\t\t\t\t\t\t\r\n\t\t\t\t\t<!-- Inner panel Start -->\r\n\t\t\t\t\t<div class=\"wpsm_panel wpsm_panel-default\">\r\n\t\t\t\t\t\t<div class=\"wpsm_panel-heading\" role=\"tab\" >\r\n\t\t\t\t\t\t  <h4 class=\"wpsm_panel-title\">\r\n\t\t\t\t\t\t\t<a  class=\"collapsed\"  data-toggle=\"collapse\" data-parent=\"#wpsm_accordion_701 \" href=\"javascript:void(0)\" data-target=\"#ac_701_collapse4\" onclick=\"do_resize()\">\r\n\t\t\t\t\t\t\t\t\t\t\t\t\t\t\t\t\t<span class=\"ac_open_cl_icon fa fa-plus\"><\/span>\r\n\t\t\t\t\t\t\t\t\t\r\n\t\t\t\t\t\t\t\t \r\n\t\t\t\t\t\t\t\t<span class=\"ac_title_class\">\r\n\t\t\t\t\t\t\t\t\t\t\t\t\t\t\t\t\t\t\t\t<span style=\"margin-right:6px;\" class=\"fa fa-angle-double-down\"><\/span>\r\n\t\t\t\t\t\t\t\t\tDeluxe room with 3 beds\t\t\t\t\t\t\t\t<\/span>\r\n\t\t\t\t\t\t\t<\/a>\r\n\t\t\t\t\t\t  <\/h4>\r\n\t\t\t\t\t\t<\/div>\r\n\t\t\t\t\t\t<div id=\"ac_701_collapse4\" class=\"wpsm_panel-collapse collapse\"  >\r\n\t\t\t\t\t\t  <div class=\"wpsm_panel-body\">\r\n\t\t\t\t\t\t\t<strong>Number of Rooms:<\/strong> 4 units<br>\r\nFour of them can be requersted with extra bed for an adult or child under 14.<br><br>\r\n<strong>Room Facilities:<\/strong> Individually adjusted air conditioning, WiFi, mini-bar, safe deposit box, flat-screen TV, desk with chair, wardrobe, private batroom with shower, hairdryer, towels, bathrobe, room slippers, toiletries in the bathroom.<br><br>\r\n\r\n<strong>Room Size:<\/strong> 28 m\u00b2<br>\r\n<strong>Numbers of beds:<\/strong> 2 units<br>\r\n<strong>Each bed size:<\/strong> 90x200 cm<br><br>\r\n<img decoding=\"async\" src=\"https:\/\/hotelbotrytis.com\/wp-content\/uploads\/2022\/10\/deluxe-harom2.jpg\"><br><br>\r\n<img decoding=\"async\" src=\"https:\/\/hotelbotrytis.com\/wp-content\/uploads\/2022\/10\/deluxe1.jpg\">\r\n\t\t\t\t\t\t  <\/div>\r\n\t\t\t\t\t\t<\/div>\r\n\t\t\t\t\t<\/div>\r\n\t\t\t\t\t<!-- Inner panel End -->\r\n\t\t\t\t\t\r\n\t\t\t\t\t\t\t\t\r\n\t\t\t\t\t<!-- Inner panel Start -->\r\n\t\t\t\t\t<div class=\"wpsm_panel wpsm_panel-default\">\r\n\t\t\t\t\t\t<div class=\"wpsm_panel-heading\" role=\"tab\" >\r\n\t\t\t\t\t\t  <h4 class=\"wpsm_panel-title\">\r\n\t\t\t\t\t\t\t<a  class=\"collapsed\"  data-toggle=\"collapse\" data-parent=\"#wpsm_accordion_701 \" href=\"javascript:void(0)\" data-target=\"#ac_701_collapse5\" onclick=\"do_resize()\">\r\n\t\t\t\t\t\t\t\t\t\t\t\t\t\t\t\t\t<span class=\"ac_open_cl_icon fa fa-plus\"><\/span>\r\n\t\t\t\t\t\t\t\t\t\r\n\t\t\t\t\t\t\t\t \r\n\t\t\t\t\t\t\t\t<span class=\"ac_title_class\">\r\n\t\t\t\t\t\t\t\t\t\t\t\t\t\t\t\t\t\t\t\t<span style=\"margin-right:6px;\" class=\"fa fa-angle-double-down\"><\/span>\r\n\t\t\t\t\t\t\t\t\tJunior suite\t\t\t\t\t\t\t\t<\/span>\r\n\t\t\t\t\t\t\t<\/a>\r\n\t\t\t\t\t\t  <\/h4>\r\n\t\t\t\t\t\t<\/div>\r\n\t\t\t\t\t\t<div id=\"ac_701_collapse5\" class=\"wpsm_panel-collapse collapse\"  >\r\n\t\t\t\t\t\t  <div class=\"wpsm_panel-body\">\r\n\t\t\t\t\t\t\t<strong>Number of Rooms:<\/strong> 2 units<br>\r\nExtra bed from sofa bed for 1 adult or  2 children.<br><br>\r\n\r\n<strong>Room Facilities:<\/strong>Individually adjusted air conditioning, WiFi, mini-bar, safe deposit box, flat-screen TV, desk with chair, wardrobe, private batroom with shower, hairdryer, towels, bathrobe, room slippers, toiletries in the bathroom.<br><br>\r\n\r\n<strong>Room Size:<\/strong> 34 m\u00b2<br><br>\r\n\r\n<strong>Bed Size:<\/strong>  180x200 cm<br><br>\r\n<img decoding=\"async\" src=\"https:\/\/hotelbotrytis.com\/wp-content\/uploads\/2022\/10\/junior6.jpg\"><br><br>\r\n<img decoding=\"async\" src=\"https:\/\/hotelbotrytis.com\/wp-content\/uploads\/2022\/10\/junior4.jpg\">\t\t\t\t\t\t  <\/div>\r\n\t\t\t\t\t\t<\/div>\r\n\t\t\t\t\t<\/div>\r\n\t\t\t\t\t<!-- Inner panel End -->\r\n\t\t\t\t\t\r\n\t\t\t\t\t\t\t\t\r\n\t\t\t\t\t<!-- Inner panel Start -->\r\n\t\t\t\t\t<div class=\"wpsm_panel wpsm_panel-default\">\r\n\t\t\t\t\t\t<div class=\"wpsm_panel-heading\" role=\"tab\" >\r\n\t\t\t\t\t\t  <h4 class=\"wpsm_panel-title\">\r\n\t\t\t\t\t\t\t<a  class=\"collapsed\"  data-toggle=\"collapse\" data-parent=\"#wpsm_accordion_701 \" href=\"javascript:void(0)\" data-target=\"#ac_701_collapse6\" onclick=\"do_resize()\">\r\n\t\t\t\t\t\t\t\t\t\t\t\t\t\t\t\t\t<span class=\"ac_open_cl_icon fa fa-plus\"><\/span>\r\n\t\t\t\t\t\t\t\t\t\r\n\t\t\t\t\t\t\t\t \r\n\t\t\t\t\t\t\t\t<span class=\"ac_title_class\">\r\n\t\t\t\t\t\t\t\t\t\t\t\t\t\t\t\t\t\t\t\t<span style=\"margin-right:6px;\" class=\"fa fa-angle-double-down\"><\/span>\r\n\t\t\t\t\t\t\t\t\tApartment\t\t\t\t\t\t\t\t<\/span>\r\n\t\t\t\t\t\t\t<\/a>\r\n\t\t\t\t\t\t  <\/h4>\r\n\t\t\t\t\t\t<\/div>\r\n\t\t\t\t\t\t<div id=\"ac_701_collapse6\" class=\"wpsm_panel-collapse collapse\"  >\r\n\t\t\t\t\t\t  <div class=\"wpsm_panel-body\">\r\n\t\t\t\t\t\t\t<strong>Number of Rooms:<\/strong> 2 units<br>\r\nBedroom and living room with shared bathroom. The sofa bed in the living room can accommodate 2 adults or children.<br><br>\r\n\r\n<strong>Room Facilities:<\/strong>Individually adjusted air conditioning, WiFi, mini-bar, flat-screen TV, wardrobe, private batroom with shower, hairdryer, towels, bathrobe, room slippers, toiletries in the bathroom.<br><br>\r\n\r\n<strong>Room Size:<\/strong> 50 m\u00b2<br>\r\n<strong>Numbers of beds:<\/strong> 2 units<br>\r\n<strong>Each bed size:<\/strong> 90x190 cm<br><br>\r\n<img decoding=\"async\" src=\"https:\/\/hotelbotrytis.com\/wp-content\/uploads\/2022\/10\/apartman3.jpg\"><br><br>\r\n<img decoding=\"async\" src=\"https:\/\/hotelbotrytis.com\/wp-content\/uploads\/2022\/10\/apartman5.jpg\">\t\t\t\t\t\t  <\/div>\r\n\t\t\t\t\t\t<\/div>\r\n\t\t\t\t\t<\/div>\r\n\t\t\t\t\t<!-- Inner panel End -->\r\n\t\t\t\t\t\r\n\t\t\t\t\t\t\t<\/div>\r\n\t\t\t\r\n<script type=\"text\/javascript\">\r\n\t\r\n\t\tfunction do_resize(){\r\n\r\n\t\t\tvar width=jQuery( '.wpsm_panel .wpsm_panel-body iframe' ).width();\r\n\t\t\tvar height=jQuery( '.wpsm_panel .wpsm_panel-body iframe' ).height();\r\n\r\n\t\t\tvar toggleSize = true;\r\n\t\t\tjQuery('iframe').animate({\r\n\t\t\t    width: toggleSize ? width : 640,\r\n\t\t\t    height: toggleSize ? height : 360\r\n\t\t\t  }, 250);\r\n\r\n\t\t\t  toggleSize = !toggleSize;\r\n\t\t}\r\n\t\t\r\n<\/script>\t\r\n\r\n\r\n\r\n<div class=\"wp-block-buttons is-layout-flex wp-block-buttons-is-layout-flex\">\r\n<div class=\"wp-block-button\"><a class=\"wp-block-button__link wp-element-button\" href=\"https:\/\/hotelbotrytis.com\/en\/online-foglalas\/\">Room rate calculation &amp; Online reservation<\/a><\/div>\r\n<\/div>\r\n\r\n\r\n\r\n<figure class=\"wp-block-image size-large\"><a href=\"https:\/\/hotelbotrytis.com\/wp-content\/uploads\/2022\/10\/apartman4.jpg\"><img loading=\"lazy\" decoding=\"async\" width=\"1024\" height=\"682\" class=\"wp-image-1017\" src=\"https:\/\/hotelbotrytis.com\/wp-content\/uploads\/2022\/10\/apartman4-1024x682.jpg\" alt=\"\" srcset=\"https:\/\/hotelbotrytis.com\/wp-content\/uploads\/2022\/10\/apartman4-1024x682.jpg 1024w, https:\/\/hotelbotrytis.com\/wp-content\/uploads\/2022\/10\/apartman4-500x333.jpg 500w, https:\/\/hotelbotrytis.com\/wp-content\/uploads\/2022\/10\/apartman4-768x511.jpg 768w, https:\/\/hotelbotrytis.com\/wp-content\/uploads\/2022\/10\/apartman4-1536x1022.jpg 1536w, https:\/\/hotelbotrytis.com\/wp-content\/uploads\/2022\/10\/apartman4-2048x1363.jpg 2048w, https:\/\/hotelbotrytis.com\/wp-content\/uploads\/2022\/10\/apartman4-18x12.jpg 18w, https:\/\/hotelbotrytis.com\/wp-content\/uploads\/2022\/10\/apartman4-100x67.jpg 100w, https:\/\/hotelbotrytis.com\/wp-content\/uploads\/2022\/10\/apartman4-330x220.jpg 330w, https:\/\/hotelbotrytis.com\/wp-content\/uploads\/2022\/10\/apartman4-450x300.jpg 450w\" sizes=\"auto, (max-width: 1024px) 100vw, 1024px\" \/><\/a><\/figure>\r\n\r\n\r\n\r\n<figure class=\"wp-block-image size-large\"><img loading=\"lazy\" decoding=\"async\" width=\"1024\" height=\"681\" class=\"wp-image-1015\" src=\"https:\/\/hotelbotrytis.com\/wp-content\/uploads\/2022\/10\/apartman6-1024x681.jpg\" alt=\"\" srcset=\"https:\/\/hotelbotrytis.com\/wp-content\/uploads\/2022\/10\/apartman6-1024x681.jpg 1024w, https:\/\/hotelbotrytis.com\/wp-content\/uploads\/2022\/10\/apartman6-500x333.jpg 500w, https:\/\/hotelbotrytis.com\/wp-content\/uploads\/2022\/10\/apartman6-768x511.jpg 768w, https:\/\/hotelbotrytis.com\/wp-content\/uploads\/2022\/10\/apartman6-1536x1022.jpg 1536w, https:\/\/hotelbotrytis.com\/wp-content\/uploads\/2022\/10\/apartman6-2048x1362.jpg 2048w, https:\/\/hotelbotrytis.com\/wp-content\/uploads\/2022\/10\/apartman6-18x12.jpg 18w, https:\/\/hotelbotrytis.com\/wp-content\/uploads\/2022\/10\/apartman6-100x67.jpg 100w, https:\/\/hotelbotrytis.com\/wp-content\/uploads\/2022\/10\/apartman6-330x220.jpg 330w, https:\/\/hotelbotrytis.com\/wp-content\/uploads\/2022\/10\/apartman6-450x300.jpg 450w\" sizes=\"auto, (max-width: 1024px) 100vw, 1024px\" \/><\/figure>\r\n\r\n\r\n\r\n<figure class=\"wp-block-image\"><a href=\"\/wp-content\/uploads\/2015\/01\/14.jpg\"><img loading=\"lazy\" decoding=\"async\" width=\"1280\" height=\"853\" class=\"wp-image-218\" src=\"\/wp-content\/uploads\/2015\/01\/14.jpg\" alt=\"14\" srcset=\"https:\/\/hotelbotrytis.com\/wp-content\/uploads\/2015\/01\/14.jpg 1280w, https:\/\/hotelbotrytis.com\/wp-content\/uploads\/2015\/01\/14-300x200.jpg 300w, https:\/\/hotelbotrytis.com\/wp-content\/uploads\/2015\/01\/14-1024x682.jpg 1024w, https:\/\/hotelbotrytis.com\/wp-content\/uploads\/2015\/01\/14-100x67.jpg 100w, https:\/\/hotelbotrytis.com\/wp-content\/uploads\/2015\/01\/14-330x220.jpg 330w, https:\/\/hotelbotrytis.com\/wp-content\/uploads\/2015\/01\/14-450x300.jpg 450w\" sizes=\"auto, (max-width: 1280px) 100vw, 1280px\" \/><\/a><\/figure>\r\n\r\n\r\n\r\n<figure class=\"wp-block-image\"><a href=\"\/wp-content\/uploads\/2015\/01\/15.jpg\"><img loading=\"lazy\" decoding=\"async\" width=\"1280\" height=\"853\" class=\"wp-image-219\" src=\"\/wp-content\/uploads\/2015\/01\/15.jpg\" alt=\"15\" srcset=\"https:\/\/hotelbotrytis.com\/wp-content\/uploads\/2015\/01\/15.jpg 1280w, https:\/\/hotelbotrytis.com\/wp-content\/uploads\/2015\/01\/15-300x200.jpg 300w, https:\/\/hotelbotrytis.com\/wp-content\/uploads\/2015\/01\/15-1024x682.jpg 1024w, https:\/\/hotelbotrytis.com\/wp-content\/uploads\/2015\/01\/15-100x67.jpg 100w, https:\/\/hotelbotrytis.com\/wp-content\/uploads\/2015\/01\/15-330x220.jpg 330w, https:\/\/hotelbotrytis.com\/wp-content\/uploads\/2015\/01\/15-450x300.jpg 450w\" sizes=\"auto, (max-width: 1280px) 100vw, 1280px\" \/><\/a><\/figure>","protected":false},"excerpt":{"rendered":"<p>A Botrytis Hotel kialak\u00edt\u00e1s\u00e1val \u00e9s sz\u00ednvonalas, megfizethet\u0151 szolg\u00e1ltat\u00e1saival a fels\u0151 kateg\u00f3ri\u00e1s sz\u00e1ll\u00e1sok sor\u00e1t gazdag\u00edtja pr\u00e9mium min\u0151s\u00e9get t\u00fckr\u00f6zve. A 38 f\u0151 befogad\u00f3 k\u00e9pess\u00e9g\u0171 Botrytis Borhotel mind\u00f6sszesen 12 db k\u00e9t\u00e1gyas szob\u00e1val ( 4 db Standard, 8 db Deluxe), 2 db csal\u00e1di apartmannal, 2 db junior lakoszt\u00e1llyal valamint 2 db egy\u00e1gyas szob\u00e1val &#8211; amelyb\u0151l a Sis\u00e1ry szoba akad\u00e1lymentes\u00edtett<\/p>","protected":false},"author":1,"featured_media":0,"parent":0,"menu_order":0,"comment_status":"closed","ping_status":"closed","template":"page-templates\/template-full-width.php","meta":{"_acf_changed":false,"ngg_post_thumbnail":0,"footnotes":""},"class_list":["post-91","page","type-page","status-publish","hentry"],"acf":[],"_links":{"self":[{"href":"https:\/\/hotelbotrytis.com\/en\/wp-json\/wp\/v2\/pages\/91","targetHints":{"allow":["GET"]}}],"collection":[{"href":"https:\/\/hotelbotrytis.com\/en\/wp-json\/wp\/v2\/pages"}],"about":[{"href":"https:\/\/hotelbotrytis.com\/en\/wp-json\/wp\/v2\/types\/page"}],"author":[{"embeddable":true,"href":"https:\/\/hotelbotrytis.com\/en\/wp-json\/wp\/v2\/users\/1"}],"replies":[{"embeddable":true,"href":"https:\/\/hotelbotrytis.com\/en\/wp-json\/wp\/v2\/comments?post=91"}],"version-history":[{"count":33,"href":"https:\/\/hotelbotrytis.com\/en\/wp-json\/wp\/v2\/pages\/91\/revisions"}],"predecessor-version":[{"id":1639,"href":"https:\/\/hotelbotrytis.com\/en\/wp-json\/wp\/v2\/pages\/91\/revisions\/1639"}],"wp:attachment":[{"href":"https:\/\/hotelbotrytis.com\/en\/wp-json\/wp\/v2\/media?parent=91"}],"curies":[{"name":"wp","href":"https:\/\/api.w.org\/{rel}","templated":true}]}}