{"id":172,"date":"2015-04-15T14:36:30","date_gmt":"2015-04-15T14:36:30","guid":{"rendered":"http:\/\/hotel-botrytis.com\/?page_id=172"},"modified":"2026-02-18T14:00:51","modified_gmt":"2026-02-18T14:00:51","slug":"hotel-botrytis","status":"publish","type":"page","link":"https:\/\/hotelbotrytis.com\/en\/hotel-botrytis\/","title":{"rendered":"About"},"content":{"rendered":"<h2 class=\"wp-block-heading\"><strong>Hotel Botrytis<\/strong><\/h2>\r\n\r\n\r\n<div class=\"wp-block-image is-style-default\">\r\n<figure class=\"alignleft size-full is-resized\"><a href=\"\/wp-content\/uploads\/2015\/04\/3.jpg\"><img loading=\"lazy\" decoding=\"async\" class=\"wp-image-199\" src=\"https:\/\/hotelbotrytis.com\/wp-content\/uploads\/2015\/04\/3.jpg\" alt=\"Hotel Botrytis - M\u00e1d\" width=\"499\" height=\"331\" srcset=\"https:\/\/hotelbotrytis.com\/wp-content\/uploads\/2015\/04\/3-300x200.jpg 300w, https:\/\/hotelbotrytis.com\/wp-content\/uploads\/2015\/04\/3-1024x682.jpg 1024w, https:\/\/hotelbotrytis.com\/wp-content\/uploads\/2015\/04\/3-100x67.jpg 100w, https:\/\/hotelbotrytis.com\/wp-content\/uploads\/2015\/04\/3-330x220.jpg 330w\" sizes=\"auto, (max-width: 499px) 100vw, 499px\" \/><\/a><\/figure>\r\n<\/div>\r\n\r\n\r\n<p class=\"has-text-align-left translation-block\">This is an exclusive bed and breakfast hotel in one of the most exciting gems of the Tokaj wine region, M\u00e1d. The hotel fits to the traditional values of M\u00e1d, close to vineyards and nature, but at the same time it stands out with the quality a boutique hotel can offer. The building was designed with restrained facade, using local, quality building materials, employing renewable energy sources. It features homely interiors, private parking, and a terrace and garden with view to the vineyards.<br>\nIt is an ideal place for families, group of friends, or those looking for a romantic destination.<\/p>\r\n<p class=\"translation-block\">The Botrytis Borhotel, with a capacity for 38 guests, offers a total of 12 double rooms (4 Standard, 8 Deluxe), 2 family apartments, 2 junior suites, and 2 single rooms. It awaits guests seeking relaxation and culinary experiences in the central location of M\u00e1d, amidst historic vineyards.<\/p>\r\n<p>We offer free parking for our guests and a rich buffet breakfast as part of the room rate. In case of special dietary requirements, lactose-free, gluten-free and vegetarian products can be provided. We do our utmost to meet the requests of our guests in case of individual religious dietary restrictions.&nbsp;<\/p>\r\n\r\n\r\n<hr class=\"wp-block-separator has-alpha-channel-opacity is-style-dots\">\r\n\r\n<div class=\"wp-block-image\">\r\n<figure class=\"alignright is-resized\"><a href=\"\/wp-content\/uploads\/2015\/04\/32.jpg\"><img loading=\"lazy\" decoding=\"async\" class=\"wp-image-224\" src=\"\/wp-content\/uploads\/2015\/04\/32.jpg\" alt=\"Hotel Botrytis - \u00e9tterem\" width=\"500\" height=\"332\" srcset=\"https:\/\/hotelbotrytis.com\/wp-content\/uploads\/2015\/04\/32.jpg 1200w, https:\/\/hotelbotrytis.com\/wp-content\/uploads\/2015\/04\/32-300x200.jpg 300w, https:\/\/hotelbotrytis.com\/wp-content\/uploads\/2015\/04\/32-1024x683.jpg 1024w, https:\/\/hotelbotrytis.com\/wp-content\/uploads\/2015\/04\/32-100x67.jpg 100w, https:\/\/hotelbotrytis.com\/wp-content\/uploads\/2015\/04\/32-330x220.jpg 330w, https:\/\/hotelbotrytis.com\/wp-content\/uploads\/2015\/04\/32-450x300.jpg 450w\" sizes=\"auto, (max-width: 500px) 100vw, 500px\" \/><\/a><\/figure>\r\n<\/div>\r\n\r\n\r\n<p>The <strong>Hotel Botrytis<\/strong> awaits not only wine lovers arriving to the World Heritage Site, but also travellers and hikers visitng the tourist destinations of Tokaj-Hegyalja. They can taste the wines of historic vineyards and well fitting local and international dishes.<\/p>\r\n\r\n\r\n\r\n<p>The <strong>Hotel Botrytis<\/strong> has became an integral part of the history of a town tends tourist and gastronomic specialities, M\u00e1d. Those want to learn this \u201cspecial story\u201d personally, this hotel offers high-level rest and relaxation experience.<\/p>\r\n\r\n\r\n<hr class=\"wp-block-separator has-alpha-channel-opacity is-style-dots\">\r\n\r\n\r\n<div class=\"wp-block-group alignfull\"><div class=\"wp-block-group__inner-container is-layout-constrained wp-block-group-is-layout-constrained\">\r\n<div class=\"wp-block-columns alignwide is-layout-flex wp-container-core-columns-is-layout-9d6595d7 wp-block-columns-is-layout-flex\">\r\n<div class=\"wp-block-column is-layout-flow wp-block-column-is-layout-flow\">\r\n<figure class=\"wp-block-image size-large\"><a href=\"https:\/\/hotelbotrytis.com\/wp-content\/uploads\/2015\/04\/5.jpg\"><img loading=\"lazy\" decoding=\"async\" width=\"1024\" height=\"682\" class=\"wp-image-201\" src=\"https:\/\/hotelbotrytis.com\/wp-content\/uploads\/2015\/04\/5-1024x682.jpg\" alt=\"\" srcset=\"https:\/\/hotelbotrytis.com\/wp-content\/uploads\/2015\/04\/5-1024x682.jpg 1024w, https:\/\/hotelbotrytis.com\/wp-content\/uploads\/2015\/04\/5-300x200.jpg 300w, https:\/\/hotelbotrytis.com\/wp-content\/uploads\/2015\/04\/5-100x67.jpg 100w, https:\/\/hotelbotrytis.com\/wp-content\/uploads\/2015\/04\/5-330x220.jpg 330w, https:\/\/hotelbotrytis.com\/wp-content\/uploads\/2015\/04\/5-450x300.jpg 450w, https:\/\/hotelbotrytis.com\/wp-content\/uploads\/2015\/04\/5.jpg 1280w\" sizes=\"auto, (max-width: 1024px) 100vw, 1024px\" \/><\/a><\/figure>\r\n\r\n\r\n\r\n<p class=\"has-text-align-center\">&nbsp;<\/p>\r\n<\/div>\r\n\r\n\r\n\r\n<div class=\"wp-block-column is-vertically-aligned-center is-layout-flow wp-block-column-is-layout-flow\">\r\n<figure class=\"wp-block-image size-large\"><a href=\"https:\/\/hotelbotrytis.com\/wp-content\/uploads\/2015\/04\/35.jpg\"><img loading=\"lazy\" decoding=\"async\" width=\"1024\" height=\"683\" class=\"wp-image-226\" src=\"https:\/\/hotelbotrytis.com\/wp-content\/uploads\/2015\/04\/35-1024x683.jpg\" alt=\"\" srcset=\"https:\/\/hotelbotrytis.com\/wp-content\/uploads\/2015\/04\/35-1024x683.jpg 1024w, https:\/\/hotelbotrytis.com\/wp-content\/uploads\/2015\/04\/35-300x200.jpg 300w, https:\/\/hotelbotrytis.com\/wp-content\/uploads\/2015\/04\/35-100x67.jpg 100w, https:\/\/hotelbotrytis.com\/wp-content\/uploads\/2015\/04\/35-330x220.jpg 330w, https:\/\/hotelbotrytis.com\/wp-content\/uploads\/2015\/04\/35-450x300.jpg 450w, https:\/\/hotelbotrytis.com\/wp-content\/uploads\/2015\/04\/35.jpg 1200w\" sizes=\"auto, (max-width: 1024px) 100vw, 1024px\" \/><\/a><\/figure>\r\n\r\n\r\n\r\n<p class=\"has-text-align-center\">&nbsp;<\/p>\r\n<\/div>\r\n\r\n\r\n\r\n<div class=\"wp-block-column is-vertically-aligned-bottom is-layout-flow wp-block-column-is-layout-flow\">\r\n<figure class=\"wp-block-image size-large\"><a href=\"https:\/\/hotelbotrytis.com\/wp-content\/uploads\/2015\/04\/6.jpg\"><img loading=\"lazy\" decoding=\"async\" width=\"1024\" height=\"682\" class=\"wp-image-223\" src=\"https:\/\/hotelbotrytis.com\/wp-content\/uploads\/2015\/04\/6-1024x682.jpg\" alt=\"\" srcset=\"https:\/\/hotelbotrytis.com\/wp-content\/uploads\/2015\/04\/6-1024x682.jpg 1024w, https:\/\/hotelbotrytis.com\/wp-content\/uploads\/2015\/04\/6-300x200.jpg 300w, https:\/\/hotelbotrytis.com\/wp-content\/uploads\/2015\/04\/6-100x67.jpg 100w, https:\/\/hotelbotrytis.com\/wp-content\/uploads\/2015\/04\/6-330x220.jpg 330w, https:\/\/hotelbotrytis.com\/wp-content\/uploads\/2015\/04\/6-450x300.jpg 450w, https:\/\/hotelbotrytis.com\/wp-content\/uploads\/2015\/04\/6.jpg 1280w\" sizes=\"auto, (max-width: 1024px) 100vw, 1024px\" \/><\/a><\/figure>\r\n\r\n\r\n\r\n<p class=\"has-text-align-center\">&nbsp;<\/p>\r\n<\/div>\r\n<\/div>\r\n<\/div><\/div>","protected":false},"excerpt":{"rendered":"<p>Hotel Botrytis Exkluz\u00edv bed and breakfast hotel a Tokaji Borvid\u00e9k egyik legizgalmasabb gy\u00f6ngyszem\u00e9n, M\u00e1don. A hotel illeszkedik M\u00e1d hagyom\u00e1nyos \u00e9rt\u00e9keihez, megtartva a d\u0171l\u0151k \u00e9s a term\u00e9szet k\u00f6zels\u00e9g\u00e9t, de egyben ki is emelkedik azzal a min\u0151s\u00e9ggel, amit egy boutique hotel tud ny\u00fajtani. Az \u00e9p\u00fclet visszafogott homlokzatot kapott, helyi, min\u0151s\u00e9gi anyagok felhaszn\u00e1l\u00e1s\u00e1val, meg\u00fajul\u00f3 energiaforr\u00e1sokra alapozva a m\u0171k\u00f6d\u00e9st.<\/p>","protected":false},"author":1,"featured_media":0,"parent":0,"menu_order":0,"comment_status":"closed","ping_status":"closed","template":"page-templates\/template-full-width.php","meta":{"_acf_changed":false,"ngg_post_thumbnail":0,"footnotes":""},"class_list":["post-172","page","type-page","status-publish","hentry"],"acf":[],"_links":{"self":[{"href":"https:\/\/hotelbotrytis.com\/en\/wp-json\/wp\/v2\/pages\/172","targetHints":{"allow":["GET"]}}],"collection":[{"href":"https:\/\/hotelbotrytis.com\/en\/wp-json\/wp\/v2\/pages"}],"about":[{"href":"https:\/\/hotelbotrytis.com\/en\/wp-json\/wp\/v2\/types\/page"}],"author":[{"embeddable":true,"href":"https:\/\/hotelbotrytis.com\/en\/wp-json\/wp\/v2\/users\/1"}],"replies":[{"embeddable":true,"href":"https:\/\/hotelbotrytis.com\/en\/wp-json\/wp\/v2\/comments?post=172"}],"version-history":[{"count":28,"href":"https:\/\/hotelbotrytis.com\/en\/wp-json\/wp\/v2\/pages\/172\/revisions"}],"predecessor-version":[{"id":1638,"href":"https:\/\/hotelbotrytis.com\/en\/wp-json\/wp\/v2\/pages\/172\/revisions\/1638"}],"wp:attachment":[{"href":"https:\/\/hotelbotrytis.com\/en\/wp-json\/wp\/v2\/media?parent=172"}],"curies":[{"name":"wp","href":"https:\/\/api.w.org\/{rel}","templated":true}]}}