{"id":142,"date":"2015-01-12T13:19:33","date_gmt":"2015-01-12T13:19:33","guid":{"rendered":"http:\/\/hotel-botrytis.com\/site\/?page_id=142"},"modified":"2015-04-15T14:42:18","modified_gmt":"2015-04-15T14:42:18","slug":"a-madi-bor-6","status":"publish","type":"page","link":"https:\/\/hotelbotrytis.com\/en\/a-madi-bor-6\/","title":{"rendered":"Gusteau kulin\u00e1ris \u00e9lm\u00e9nym\u0171hely"},"content":{"rendered":"<p>Tokaj-Hegyalja sz\u00edv\u00e9ben, M\u00e1don m\u0171k\u00f6d\u0151 \u00e9tterm\u00fcnk, a Gusteau Kulin\u00e1ris \u00c9lm\u00e9nym\u0171hely egy misszi\u00f3ra v\u00e1llalkozott. Ez nem lehet m\u00e1s, mint a tokaji borok t\u00e1mogat\u00e1sa a gasztron\u00f3mi\u00e1ban. A Gusteau egyedi st\u00edlus\u00e1val el\u0151 szeretn\u00e9 seg\u00edteni, hogy a tokaji bor \u00fajra a r\u00e9gi f\u00e9ny\u00e9ben pomp\u00e1zzon.<\/p>\n<p>Nagy hangs\u00falyt fektet\u00fcnk a bor-\u00e9tel p\u00e1ros\u00edt\u00e1sokra. Nem \u00e9telekhez k\u00edn\u00e1lunk borokat, hanem a borokhoz f\u0151z\u00fcnk; hogy az \u00e9telekhez felszolg\u00e1lt borok a legszebb arcukat mutathass\u00e1k.<\/p>\n<p>\u00cdgy sz\u00fcletett meg \u00e9tterm\u00fcnk st\u00edlusa, ami nem m\u00e1s, mint egy finom\u00edtott-kreat\u00edv borkonyha, mely a helyi alapanyagokra f\u00f3kusz\u00e1l. Szeretn\u00e9nk ha min\u00e9l t\u00f6bb region\u00e1lis \u00e9lelmiszer gy\u00f6keret verne, ezzel is seg\u00edtve a helyben \u00e9l\u0151 gazd\u00e1lkod\u00f3 emberek helyzet\u00e9t.<\/p>\n<p>\u00c9tterm\u00fcnk f\u0151 specialit\u00e1sa a boreb\u00e9dek, borvacsor\u00e1k lebonyol\u00edt\u00e1sa. A kiv\u00e1l\u00f3 hangulat\u00fa esem\u00e9nyek sor\u00e1n nem csak gasztron\u00f3miai \u00e9lm\u00e9nyben r\u00e9szes\u00fclnek kedves vend\u00e9geink, hanem szakavatott bor\u00e1szok k\u00eds\u00e9rik a bork\u00e9sz\u00edt\u00e9s rejtelmeibe.<\/p>\n<p>A borvacsor\u00e1inkon szerepl\u0151 pinc\u00e9szetek \u00e9s boraik komoly tematika szerint ker\u00fclnek kiv\u00e1laszt\u00e1sra, melyhez s\u00e9f\u00fcnk Horv\u00e1th G\u00e1bor kre\u00e1lja az \u00e9teleket.<\/p>\n<p>K\u00fcldet\u00e9s\u00fcnk, hogy az \u00c9lm\u00e9nym\u0171hely\u00fcnkbe l\u00e1togat\u00f3 vend\u00e9g eml\u00e9kezetes kulin\u00e1ris \u00e9lm\u00e9nnyel gazdagodjon.<\/p>","protected":false},"excerpt":{"rendered":"<p>Tokaj-Hegyalja sz\u00edv\u00e9ben, M\u00e1don m\u0171k\u00f6d\u0151 \u00e9tterm\u00fcnk, a Gusteau Kulin\u00e1ris \u00c9lm\u00e9nym\u0171hely egy misszi\u00f3ra v\u00e1llalkozott. Ez nem lehet m\u00e1s, mint a tokaji borok t\u00e1mogat\u00e1sa a gasztron\u00f3mi\u00e1ban. A Gusteau egyedi st\u00edlus\u00e1val el\u0151 szeretn\u00e9 seg\u00edteni, hogy a tokaji bor \u00fajra a r\u00e9gi f\u00e9ny\u00e9ben pomp\u00e1zzon. Nagy hangs\u00falyt fektet\u00fcnk a bor-\u00e9tel p\u00e1ros\u00edt\u00e1sokra. Nem \u00e9telekhez k\u00edn\u00e1lunk borokat, hanem a borokhoz f\u0151z\u00fcnk; hogy az<\/p>","protected":false},"author":1,"featured_media":0,"parent":0,"menu_order":0,"comment_status":"closed","ping_status":"closed","template":"page-templates\/template-full-width.php","meta":{"_acf_changed":false,"ngg_post_thumbnail":0,"footnotes":""},"class_list":["post-142","page","type-page","status-publish","hentry"],"acf":[],"_links":{"self":[{"href":"https:\/\/hotelbotrytis.com\/en\/wp-json\/wp\/v2\/pages\/142","targetHints":{"allow":["GET"]}}],"collection":[{"href":"https:\/\/hotelbotrytis.com\/en\/wp-json\/wp\/v2\/pages"}],"about":[{"href":"https:\/\/hotelbotrytis.com\/en\/wp-json\/wp\/v2\/types\/page"}],"author":[{"embeddable":true,"href":"https:\/\/hotelbotrytis.com\/en\/wp-json\/wp\/v2\/users\/1"}],"replies":[{"embeddable":true,"href":"https:\/\/hotelbotrytis.com\/en\/wp-json\/wp\/v2\/comments?post=142"}],"version-history":[{"count":2,"href":"https:\/\/hotelbotrytis.com\/en\/wp-json\/wp\/v2\/pages\/142\/revisions"}],"predecessor-version":[{"id":184,"href":"https:\/\/hotelbotrytis.com\/en\/wp-json\/wp\/v2\/pages\/142\/revisions\/184"}],"wp:attachment":[{"href":"https:\/\/hotelbotrytis.com\/en\/wp-json\/wp\/v2\/media?parent=142"}],"curies":[{"name":"wp","href":"https:\/\/api.w.org\/{rel}","templated":true}]}}