{"id":126,"date":"2015-01-12T13:20:16","date_gmt":"2015-01-12T13:20:16","guid":{"rendered":"http:\/\/hotel-botrytis.com\/site\/?page_id=126"},"modified":"2022-05-20T08:11:58","modified_gmt":"2022-05-20T08:11:58","slug":"a-tokaji-borvidek","status":"publish","type":"page","link":"https:\/\/hotelbotrytis.com\/en\/a-tokaji-borvidek\/","title":{"rendered":"Tokaj Wine Region"},"content":{"rendered":"<p>A royal decree pronounced Tokaj-Hegyalja the first closed wine region in the world in 1737. UNESCO World Heritage Committee added the region to the World Heritage List as the \"cultural landscape of the Tokaj-Hegyalja historical wine region\" in 2002. M\u00e1d is in the heart of this region.<\/p>\n<p>People started to trade with wine here as early as the 1500s and 1600s. Traditionally, the dominant grape varieties were furmint, h\u00e1rslevel\u0171 (French: Feuille de Tilleul) and s\u00e1rgamuskot\u00e1ly (Muscat Lunel). Today we can also find k\u00f6v\u00e9rsz\u0151l\u0151, z\u00e9ta (Oremus) and goh\u00e9r.<\/p>\n<p>The late harvest traditionally starts here on Day of St. Jude (October 28). The typical white wines, such as Tokaji Furmint, Tokaji H\u00e1rslevel\u0171 and S\u00e1rgamuskot\u00e1ly, are born after this very day. However, overriped grapes (sometimes partly covered with botrytis, i.e. gray mold) are harvested later than the Day of St. Jude, rather at the end of November. As a result, the sugar content is quite high of these, so called, \"asz\u00fa\" wines, and they have a pleasant, fruity aroma. In addition to asz\u00fa, several typical regional wines are made in the Tokaj Wine Region, such as szamorodni, the so-called Tokaj \"ford\u00edt\u00e1s\", \"m\u00e1sl\u00e1s\" and \"eszencia\".<\/p>\n<p>People have preserved the traditional ways of making these special type of wines. You may follow along every step of production of the Tokaj wine in the ancient wine cellars of traditional vineyards, villages and towns.<\/p>","protected":false},"excerpt":{"rendered":"<p>Tokaj-Hegyalj\u00e1t 1737-ben kir\u00e1lyi rendelettel a vil\u00e1g els\u0151 z\u00e1rt borvid\u00e9k\u00e9nek nyilv\u00e1n\u00edtott\u00e1k. Az UNESCO Vil\u00e1g\u00f6r\u00f6ks\u00e9g Bizotts\u00e1ga 2002-ben felvette a vil\u00e1g\u00f6r\u00f6ks\u00e9gi list\u00e1ra is Tokaj-hegyaljai t\u00f6rt\u00e9nelmi borvid\u00e9k kult\u00fart\u00e1j n\u00e9ven. E ter\u00fclet egyik magtelep\u00fcl\u00e9se M\u00e1d. Ezen a vid\u00e9ken m\u00e1r a 16-17. sz\u00e1zadban megindult a borkereskedelem, a domin\u00e1ns sz\u0151l\u0151fajta hagyom\u00e1nyosan a furmint, a h\u00e1rslevel\u0171 \u00e9s a s\u00e1rgamuskot\u00e1ly volt. Ma m\u00e1r a<\/p>","protected":false},"author":1,"featured_media":0,"parent":0,"menu_order":0,"comment_status":"closed","ping_status":"closed","template":"page-templates\/template-full-width.php","meta":{"_acf_changed":false,"ngg_post_thumbnail":0,"footnotes":""},"class_list":["post-126","page","type-page","status-publish","hentry"],"acf":[],"_links":{"self":[{"href":"https:\/\/hotelbotrytis.com\/en\/wp-json\/wp\/v2\/pages\/126","targetHints":{"allow":["GET"]}}],"collection":[{"href":"https:\/\/hotelbotrytis.com\/en\/wp-json\/wp\/v2\/pages"}],"about":[{"href":"https:\/\/hotelbotrytis.com\/en\/wp-json\/wp\/v2\/types\/page"}],"author":[{"embeddable":true,"href":"https:\/\/hotelbotrytis.com\/en\/wp-json\/wp\/v2\/users\/1"}],"replies":[{"embeddable":true,"href":"https:\/\/hotelbotrytis.com\/en\/wp-json\/wp\/v2\/comments?post=126"}],"version-history":[{"count":3,"href":"https:\/\/hotelbotrytis.com\/en\/wp-json\/wp\/v2\/pages\/126\/revisions"}],"predecessor-version":[{"id":532,"href":"https:\/\/hotelbotrytis.com\/en\/wp-json\/wp\/v2\/pages\/126\/revisions\/532"}],"wp:attachment":[{"href":"https:\/\/hotelbotrytis.com\/en\/wp-json\/wp\/v2\/media?parent=126"}],"curies":[{"name":"wp","href":"https:\/\/api.w.org\/{rel}","templated":true}]}}