{"id":124,"date":"2015-01-12T13:19:33","date_gmt":"2015-01-12T13:19:33","guid":{"rendered":"http:\/\/hotel-botrytis.com\/site\/?page_id=124"},"modified":"2022-05-20T08:11:02","modified_gmt":"2022-05-20T08:11:02","slug":"a-madi-bor","status":"publish","type":"page","link":"https:\/\/hotelbotrytis.com\/en\/a-madi-bor\/","title":{"rendered":"Wine of M\u00e1d"},"content":{"rendered":"<p>M\u00e1d have been cherishing the traditions of vinery for centuries, and protecting its special architectural heritage and local traditions.<\/p>\n<p>The town is one of the gems of Tokaj Wine Region with outstanding aptitude, just like Priorat in Catalonia, Pomerol in Bordeaux, Bolgheri in Tuscany, or Napa in California. That is why M\u00e1d stands out in this wine region with its unique tourist and gastronomic attractions.<\/p>\n<p class=\"translation-block\">The locally operating Association for the Protection of Origin wards the natural beauties of the village and surrounding area. Moreover, it works to establish the <i>wine of M\u00e1d<\/i> as an independent concept and its market share:<\/p>\n<ul>\n<li>M\u00e1d has its own wine bottle. With this, it joined to the world greatest wine regions, such as Bordeaux, Rhine, Burgundy and Champaigne.<\/li>\n<li>The M\u00e1d Wine Winery also produces so-called \"village-level wines\" by using grapes purchased from small producers in M\u00e1d. These wines, the \"M\u00e1d Furmint\", \"M\u00e1d H\u00e1rslevel\u0171\" and \"M\u00e1d K\u00e9s\u0151i sz\u00fcret\", always meet high quality standards.<\/li>\n<li>The first bottled wine was M\u00e1d Furmint, and it was also selected to the top 50 wines of 2013 by the high-quality English wine magazine, The Wine Merchant.<\/li>\n<\/ul>\n<p>Thanks to this and similar successes, the village, famous for its wine and cellar culture, is already known in many parts of the world. M\u00e1d is getting closer and closer to become a modern gastronomic and tourist center on an international scale, building on the region's traditional values.<\/p>","protected":false},"excerpt":{"rendered":"<p>M\u00e1d t\u00f6bb \u00e9vsz\u00e1zada \u00e1polja bor\u00e1szati hagyom\u00e1nyait, valamint \u0151rzi k\u00fcl\u00f6nleges \u00e9p\u00edt\u00e9szeti \u00f6r\u00f6ks\u00e9g\u00e9t \u00e9s helyi trad\u00edci\u00f3it. A telep\u00fcl\u00e9s a Tokaji borvid\u00e9k egyik gy\u00f6ngyszeme \u2013 ahogyan Priorat Katal\u00f3ni\u00e1ban, Pomerol Bordeaux-ban, Bolgheri Toscan\u00e1ban, vagy \u00e9ppen Napa Kaliforni\u00e1ban, kiemelked\u0151 sz\u00ednvonal\u00fa borvid\u00e9k fantasztikus adotts\u00e1gokkal: \u00edgy emelkedik ki M\u00e1d is ezen a borvid\u00e9ken, egyedi turisztikai \u00e9s gasztron\u00f3miai szolg\u00e1ltat\u00e1saival. Az itt m\u0171k\u00f6d\u0151 M\u00e1di<\/p>","protected":false},"author":1,"featured_media":0,"parent":0,"menu_order":0,"comment_status":"closed","ping_status":"closed","template":"page-templates\/template-full-width.php","meta":{"_acf_changed":false,"ngg_post_thumbnail":0,"footnotes":""},"class_list":["post-124","page","type-page","status-publish","hentry"],"acf":[],"_links":{"self":[{"href":"https:\/\/hotelbotrytis.com\/en\/wp-json\/wp\/v2\/pages\/124","targetHints":{"allow":["GET"]}}],"collection":[{"href":"https:\/\/hotelbotrytis.com\/en\/wp-json\/wp\/v2\/pages"}],"about":[{"href":"https:\/\/hotelbotrytis.com\/en\/wp-json\/wp\/v2\/types\/page"}],"author":[{"embeddable":true,"href":"https:\/\/hotelbotrytis.com\/en\/wp-json\/wp\/v2\/users\/1"}],"replies":[{"embeddable":true,"href":"https:\/\/hotelbotrytis.com\/en\/wp-json\/wp\/v2\/comments?post=124"}],"version-history":[{"count":1,"href":"https:\/\/hotelbotrytis.com\/en\/wp-json\/wp\/v2\/pages\/124\/revisions"}],"predecessor-version":[{"id":125,"href":"https:\/\/hotelbotrytis.com\/en\/wp-json\/wp\/v2\/pages\/124\/revisions\/125"}],"wp:attachment":[{"href":"https:\/\/hotelbotrytis.com\/en\/wp-json\/wp\/v2\/media?parent=124"}],"curies":[{"name":"wp","href":"https:\/\/api.w.org\/{rel}","templated":true}]}}